{"id":214,"date":"2022-05-06T23:44:43","date_gmt":"2022-05-06T21:44:43","guid":{"rendered":"https:\/\/antoinedolemrtan.wordpress.com\/?page_id=214"},"modified":"2023-09-20T22:34:24","modified_gmt":"2023-09-20T20:34:24","slug":"contact","status":"publish","type":"page","link":"https:\/\/antoinedole.com\/index.php\/contact\/","title":{"rendered":"\u2709\ufe0f Contact"},"content":{"rendered":"\n<p class=\"has-small-font-size\">Pour faciliter les \u00e9changes, je vous invite \u00e0 privil\u00e9gier le contact direct avec mes maisons d\u2019\u00e9dition, dont je suis particuli\u00e8rement proche. Elles pourront r\u00e9pondre \u00e0 vos questions et\/ou me transmettre vos demandes :<\/p>\n\n\n\n<p class=\"has-small-font-size\"><strong>Pour toutes demandes autour de Mortelle Ad\u00e8le et Gadou, merci de contacter ma maison d&rsquo;\u00e9dition Mr Tan &amp; Co :<\/strong><br>Pour une demande g\u00e9n\u00e9rale : <a href=\"mailto:contact@mrtanandco.fr\">contact@mrtanandco.fr<\/a><br>Pour une demande presse : <a href=\"mailto:presse@mrtanandco.fr\">presse@mrtanandco.fr<\/a><br>Pour une proposition de collaboration : <a href=\"mailto:partenariat@mrtanandco.fr\">partenariat@mrtanandco.fr<\/a><\/p>\n\n\n\n<p class=\"has-small-font-size\"><strong>Pour mes ouvrages chez Gl\u00e9nat Manga, merci de contacter Laetitia Matusik<\/strong>\u00a0:<br><a href=\"mailto:laetitia.matusik@glenat.com\">laetitia.matusik@glenat.com<\/a><br><strong>Pour mes ouvrages chez Actes Sud, merci de contacter Cathy Chamarty :\u00a0<\/strong><br><a href=\"mailto:c.chamarty@actes-sud.fr\">c.chamarty@actes-sud.fr<\/a><br><strong>Pour mes ouvrages chez Casterman, merci de contacter Agn\u00e8s Biltgen :\u00a0<\/strong><br><a href=\"mailto:agnes.biltgen@casterman.com\">agnes.biltgen@casterman.com<\/a><\/p>\n\n\n\n<p class=\"has-small-font-size\"><strong>Pour mes ouvrages chez Robert Laffont, merci de contacter Sandrine Perrier Replein :&nbsp;<\/strong><br><a href=\"mailto:Sandrine.PerrierReplein@robert-laffont.com\">Sandrine.PerrierReplein@robert-laffont.com<\/a><br><strong>Pour mes ouvrages chez Nobi Nobi, merci de contacter Clarisse Langlet :<\/strong><br><a href=\"mailto:clanglet@pika.fr\">clanglet@pika.fr<\/a><br><strong>Pour mes ouvrages chez Talents Hauts, merci de contacter Charlotte Rigaux :&nbsp;<\/strong><br><a href=\"mailto:charlotte.rigaux@talentshauts.fr\">charlotte.rigaux@talentshauts.fr<\/a><br><strong>Pour mes ouvrages chez Gallimard BD, merci de contacter Sandrine Dutordoir :<br><\/strong><a href=\"mailto:sandrine.dutordoir@gallimard-bd.fr\">sandrine.dutordoir@gallimard-bd.fr<\/a><\/p>\n\n\n<nav class=\"no-wrap wp-block-navigation is-nowrap is-layout-flex wp-container-core-navigation-is-layout-6c531013 wp-block-navigation-is-layout-flex\" aria-label=\"Navigation 2\"><ul class=\"wp-block-navigation__container  no-wrap wp-block-navigation\"><li class=\" wp-block-navigation-item wp-block-navigation-link\"><a class=\"wp-block-navigation-item__content\"  href=\"https:\/\/antoinedole.com\/\"><span class=\"wp-block-navigation-item__label\">Retour \u00e0 l&#039;accueil<\/span><\/a><\/li><\/ul><\/nav>\n\n\n<p><\/p>\n","protected":false},"excerpt":{"rendered":"<p>Pour faciliter les \u00e9changes, je vous invite \u00e0 privil\u00e9gier le contact direct avec mes maisons d\u2019\u00e9dition, dont je suis particuli\u00e8rement proche. Elles pourront r\u00e9pondre \u00e0 vos questions et\/ou me transmettre vos demandes : Pour toutes demandes autour de Mortelle Ad\u00e8le et Gadou, merci de contacter ma maison d&rsquo;\u00e9dition Mr Tan &amp; Co :Pour une demande [&hellip;]<\/p>\n","protected":false},"author":1,"featured_media":0,"parent":0,"menu_order":0,"comment_status":"closed","ping_status":"closed","template":"","meta":{"footnotes":""},"class_list":["post-214","page","type-page","status-publish","hentry"],"yoast_head":"<!-- This site is optimized with the Yoast SEO plugin v27.4 - https:\/\/yoast.com\/product\/yoast-seo-wordpress\/ -->\n<title>\u2709\ufe0f Contact - Antoine Dole \/ Mr Tan<\/title>\n<meta name=\"robots\" content=\"index, follow, max-snippet:-1, max-image-preview:large, max-video-preview:-1\" \/>\n<link rel=\"canonical\" href=\"https:\/\/antoinedole.com\/index.php\/contact\/\" \/>\n<meta property=\"og:locale\" content=\"fr_FR\" \/>\n<meta property=\"og:type\" content=\"article\" \/>\n<meta property=\"og:title\" content=\"\u2709\ufe0f Contact - Antoine Dole \/ Mr Tan\" \/>\n<meta property=\"og:description\" content=\"Pour faciliter les \u00e9changes, je vous invite \u00e0 privil\u00e9gier le contact direct avec mes maisons d\u2019\u00e9dition, dont je suis particuli\u00e8rement proche. Elles pourront r\u00e9pondre \u00e0 vos questions et\/ou me transmettre vos demandes : Pour toutes demandes autour de Mortelle Ad\u00e8le et Gadou, merci de contacter ma maison d&rsquo;\u00e9dition Mr Tan &amp; Co :Pour une demande [&hellip;]\" \/>\n<meta property=\"og:url\" content=\"https:\/\/antoinedole.com\/index.php\/contact\/\" \/>\n<meta property=\"og:site_name\" content=\"Antoine Dole \/ Mr Tan\" \/>\n<meta property=\"article:modified_time\" content=\"2023-09-20T20:34:24+00:00\" \/>\n<meta name=\"twitter:card\" content=\"summary_large_image\" \/>\n<meta name=\"twitter:label1\" content=\"Dur\u00e9e de lecture estim\u00e9e\" \/>\n\t<meta name=\"twitter:data1\" content=\"1 minute\" \/>\n<script type=\"application\/ld+json\" class=\"yoast-schema-graph\">{\"@context\":\"https:\\\/\\\/schema.org\",\"@graph\":[{\"@type\":\"WebPage\",\"@id\":\"https:\\\/\\\/antoinedole.com\\\/index.php\\\/contact\\\/\",\"url\":\"https:\\\/\\\/antoinedole.com\\\/index.php\\\/contact\\\/\",\"name\":\"\u2709\ufe0f Contact - Antoine Dole \\\/ Mr Tan\",\"isPartOf\":{\"@id\":\"https:\\\/\\\/antoinedole.com\\\/#website\"},\"datePublished\":\"2022-05-06T21:44:43+00:00\",\"dateModified\":\"2023-09-20T20:34:24+00:00\",\"breadcrumb\":{\"@id\":\"https:\\\/\\\/antoinedole.com\\\/index.php\\\/contact\\\/#breadcrumb\"},\"inLanguage\":\"fr-FR\",\"potentialAction\":[{\"@type\":\"ReadAction\",\"target\":[\"https:\\\/\\\/antoinedole.com\\\/index.php\\\/contact\\\/\"]}]},{\"@type\":\"BreadcrumbList\",\"@id\":\"https:\\\/\\\/antoinedole.com\\\/index.php\\\/contact\\\/#breadcrumb\",\"itemListElement\":[{\"@type\":\"ListItem\",\"position\":1,\"name\":\"Accueil\",\"item\":\"https:\\\/\\\/antoinedole.com\\\/\"},{\"@type\":\"ListItem\",\"position\":2,\"name\":\"\u2709\ufe0f Contact\"}]},{\"@type\":\"WebSite\",\"@id\":\"https:\\\/\\\/antoinedole.com\\\/#website\",\"url\":\"https:\\\/\\\/antoinedole.com\\\/\",\"name\":\"Antoine Dole \\\/ Mr Tan\",\"description\":\"L&#039;univers d&#039;Antoine Dole \\\/ Mr Tan\",\"publisher\":{\"@id\":\"https:\\\/\\\/antoinedole.com\\\/#\\\/schema\\\/person\\\/f507227d9b6f2ba7e1aa2814ccd99de5\"},\"potentialAction\":[{\"@type\":\"SearchAction\",\"target\":{\"@type\":\"EntryPoint\",\"urlTemplate\":\"https:\\\/\\\/antoinedole.com\\\/?s={search_term_string}\"},\"query-input\":{\"@type\":\"PropertyValueSpecification\",\"valueRequired\":true,\"valueName\":\"search_term_string\"}}],\"inLanguage\":\"fr-FR\"},{\"@type\":[\"Person\",\"Organization\"],\"@id\":\"https:\\\/\\\/antoinedole.com\\\/#\\\/schema\\\/person\\\/f507227d9b6f2ba7e1aa2814ccd99de5\",\"name\":\"antoinedole\",\"image\":{\"@type\":\"ImageObject\",\"inLanguage\":\"fr-FR\",\"@id\":\"https:\\\/\\\/antoinedole.com\\\/wp-content\\\/uploads\\\/2022\\\/05\\\/cropped-gadou-pins-3.jpg\",\"url\":\"https:\\\/\\\/antoinedole.com\\\/wp-content\\\/uploads\\\/2022\\\/05\\\/cropped-gadou-pins-3.jpg\",\"contentUrl\":\"https:\\\/\\\/antoinedole.com\\\/wp-content\\\/uploads\\\/2022\\\/05\\\/cropped-gadou-pins-3.jpg\",\"width\":512,\"height\":512,\"caption\":\"antoinedole\"},\"logo\":{\"@id\":\"https:\\\/\\\/antoinedole.com\\\/wp-content\\\/uploads\\\/2022\\\/05\\\/cropped-gadou-pins-3.jpg\"},\"sameAs\":[\"https:\\\/\\\/antoinedole.com\"]}]}<\/script>\n<!-- \/ Yoast SEO plugin. -->","yoast_head_json":{"title":"\u2709\ufe0f Contact - Antoine Dole \/ Mr Tan","robots":{"index":"index","follow":"follow","max-snippet":"max-snippet:-1","max-image-preview":"max-image-preview:large","max-video-preview":"max-video-preview:-1"},"canonical":"https:\/\/antoinedole.com\/index.php\/contact\/","og_locale":"fr_FR","og_type":"article","og_title":"\u2709\ufe0f Contact - Antoine Dole \/ Mr Tan","og_description":"Pour faciliter les \u00e9changes, je vous invite \u00e0 privil\u00e9gier le contact direct avec mes maisons d\u2019\u00e9dition, dont je suis particuli\u00e8rement proche. Elles pourront r\u00e9pondre \u00e0 vos questions et\/ou me transmettre vos demandes : Pour toutes demandes autour de Mortelle Ad\u00e8le et Gadou, merci de contacter ma maison d&rsquo;\u00e9dition Mr Tan &amp; Co :Pour une demande [&hellip;]","og_url":"https:\/\/antoinedole.com\/index.php\/contact\/","og_site_name":"Antoine Dole \/ Mr Tan","article_modified_time":"2023-09-20T20:34:24+00:00","twitter_card":"summary_large_image","twitter_misc":{"Dur\u00e9e de lecture estim\u00e9e":"1 minute"},"schema":{"@context":"https:\/\/schema.org","@graph":[{"@type":"WebPage","@id":"https:\/\/antoinedole.com\/index.php\/contact\/","url":"https:\/\/antoinedole.com\/index.php\/contact\/","name":"\u2709\ufe0f Contact - Antoine Dole \/ Mr Tan","isPartOf":{"@id":"https:\/\/antoinedole.com\/#website"},"datePublished":"2022-05-06T21:44:43+00:00","dateModified":"2023-09-20T20:34:24+00:00","breadcrumb":{"@id":"https:\/\/antoinedole.com\/index.php\/contact\/#breadcrumb"},"inLanguage":"fr-FR","potentialAction":[{"@type":"ReadAction","target":["https:\/\/antoinedole.com\/index.php\/contact\/"]}]},{"@type":"BreadcrumbList","@id":"https:\/\/antoinedole.com\/index.php\/contact\/#breadcrumb","itemListElement":[{"@type":"ListItem","position":1,"name":"Accueil","item":"https:\/\/antoinedole.com\/"},{"@type":"ListItem","position":2,"name":"\u2709\ufe0f Contact"}]},{"@type":"WebSite","@id":"https:\/\/antoinedole.com\/#website","url":"https:\/\/antoinedole.com\/","name":"Antoine Dole \/ Mr Tan","description":"L&#039;univers d&#039;Antoine Dole \/ Mr Tan","publisher":{"@id":"https:\/\/antoinedole.com\/#\/schema\/person\/f507227d9b6f2ba7e1aa2814ccd99de5"},"potentialAction":[{"@type":"SearchAction","target":{"@type":"EntryPoint","urlTemplate":"https:\/\/antoinedole.com\/?s={search_term_string}"},"query-input":{"@type":"PropertyValueSpecification","valueRequired":true,"valueName":"search_term_string"}}],"inLanguage":"fr-FR"},{"@type":["Person","Organization"],"@id":"https:\/\/antoinedole.com\/#\/schema\/person\/f507227d9b6f2ba7e1aa2814ccd99de5","name":"antoinedole","image":{"@type":"ImageObject","inLanguage":"fr-FR","@id":"https:\/\/antoinedole.com\/wp-content\/uploads\/2022\/05\/cropped-gadou-pins-3.jpg","url":"https:\/\/antoinedole.com\/wp-content\/uploads\/2022\/05\/cropped-gadou-pins-3.jpg","contentUrl":"https:\/\/antoinedole.com\/wp-content\/uploads\/2022\/05\/cropped-gadou-pins-3.jpg","width":512,"height":512,"caption":"antoinedole"},"logo":{"@id":"https:\/\/antoinedole.com\/wp-content\/uploads\/2022\/05\/cropped-gadou-pins-3.jpg"},"sameAs":["https:\/\/antoinedole.com"]}]}},"_links":{"self":[{"href":"https:\/\/antoinedole.com\/index.php\/wp-json\/wp\/v2\/pages\/214","targetHints":{"allow":["GET"]}}],"collection":[{"href":"https:\/\/antoinedole.com\/index.php\/wp-json\/wp\/v2\/pages"}],"about":[{"href":"https:\/\/antoinedole.com\/index.php\/wp-json\/wp\/v2\/types\/page"}],"author":[{"embeddable":true,"href":"https:\/\/antoinedole.com\/index.php\/wp-json\/wp\/v2\/users\/1"}],"replies":[{"embeddable":true,"href":"https:\/\/antoinedole.com\/index.php\/wp-json\/wp\/v2\/comments?post=214"}],"version-history":[{"count":2,"href":"https:\/\/antoinedole.com\/index.php\/wp-json\/wp\/v2\/pages\/214\/revisions"}],"predecessor-version":[{"id":439,"href":"https:\/\/antoinedole.com\/index.php\/wp-json\/wp\/v2\/pages\/214\/revisions\/439"}],"wp:attachment":[{"href":"https:\/\/antoinedole.com\/index.php\/wp-json\/wp\/v2\/media?parent=214"}],"curies":[{"name":"wp","href":"https:\/\/api.w.org\/{rel}","templated":true}]}}